{"id":18,"date":"2022-04-25T11:05:42","date_gmt":"2022-04-25T09:05:42","guid":{"rendered":"https:\/\/goldencity.com.pl\/?page_id=18"},"modified":"2022-04-25T15:41:06","modified_gmt":"2022-04-25T13:41:06","slug":"rybnik-wandy-11-34-1-syp-1-laz","status":"publish","type":"page","link":"https:\/\/goldencity.com.pl\/?page_id=18","title":{"rendered":"Rybnik, Wandy 11\/34 &#8211; 1 syp., 1 \u0142az"},"content":{"rendered":"\n<div class=\"wp-block-image\"><figure class=\"aligncenter size-medium is-resized\"><img loading=\"lazy\" decoding=\"async\" src=\"https:\/\/goldencity.com.pl\/wp-content\/uploads\/2022\/04\/rezerwacja-300x300.png\" alt=\"\" class=\"wp-image-64\" width=\"188\" height=\"188\" srcset=\"https:\/\/goldencity.com.pl\/wp-content\/uploads\/2022\/04\/rezerwacja-300x300.png 300w, https:\/\/goldencity.com.pl\/wp-content\/uploads\/2022\/04\/rezerwacja-150x150.png 150w, https:\/\/goldencity.com.pl\/wp-content\/uploads\/2022\/04\/rezerwacja.png 700w\" sizes=\"auto, (max-width: 188px) 100vw, 188px\" \/><\/figure><\/div>\n\n\n\n<p>Do wynaj\u0119cia umeblowane mieszkanie w Rybniku na Nowinach, usytuowane na najwy\u017cszym pi\u0119trze. Mieszkanie sk\u0142ada si\u0119 z pokoju dziennego z aneksem kuchennym, sypialni, pp i \u0142azienki. Na pi\u0119trze, obok mieszkania jest do dyspozycji ogrzewane pomieszczenie gospodarcze z oknem! Mieszkanie jest ca\u0142kowicie umeblowane i wyposa\u017cone w AGD: lod\u00f3wk\u0119, kuchenk\u0119, pralk\u0119. Ogrzewanie miejskie ju\u017c w cenie (gwarancja sta\u0142ego czynszu przez rok najmu!), ciep\u0142a woda ogrzewana przez elektryczny podgrzewacz wody. mieszkanie jest wolne od zaraz!<\/p>\n\n\n\n<p>Umowa minimum na rok, najem instytucjonalny<\/p>\n\n\n\n<p>Koszt najmu to 1100z\u0142+czynsz administracyjny z ogrzewaniem w kwocie ok 420z\u0142+ woda i pr\u0105d.<\/p>\n\n\n\n<p>Kaucja wysoko\u015bci 2500z\u0142.<\/p>\n\n\n\n<figure class=\"wp-block-gallery has-nested-images columns-default is-cropped wp-block-gallery-1 is-layout-flex wp-block-gallery-is-layout-flex\">\n<figure class=\"wp-block-image size-large\"><img loading=\"lazy\" decoding=\"async\" width=\"2560\" height=\"1920\" data-id=\"47\" src=\"https:\/\/goldencity.com.pl\/wp-content\/uploads\/2022\/04\/20220120_130846-scaled.jpg\" alt=\"\" class=\"wp-image-47\" srcset=\"https:\/\/goldencity.com.pl\/wp-content\/uploads\/2022\/04\/20220120_130846-scaled.jpg 2560w, https:\/\/goldencity.com.pl\/wp-content\/uploads\/2022\/04\/20220120_130846-300x225.jpg 300w, https:\/\/goldencity.com.pl\/wp-content\/uploads\/2022\/04\/20220120_130846-1024x768.jpg 1024w, https:\/\/goldencity.com.pl\/wp-content\/uploads\/2022\/04\/20220120_130846-768x576.jpg 768w, https:\/\/goldencity.com.pl\/wp-content\/uploads\/2022\/04\/20220120_130846-1536x1152.jpg 1536w, https:\/\/goldencity.com.pl\/wp-content\/uploads\/2022\/04\/20220120_130846-2048x1536.jpg 2048w\" sizes=\"auto, (max-width: 2560px) 100vw, 2560px\" \/><figcaption>Kuchnia<\/figcaption><\/figure>\n\n\n\n<figure class=\"wp-block-image size-large\"><img loading=\"lazy\" decoding=\"async\" width=\"2560\" height=\"1920\" data-id=\"49\" src=\"https:\/\/goldencity.com.pl\/wp-content\/uploads\/2022\/04\/20220120_130441-scaled.jpg\" alt=\"\" class=\"wp-image-49\" srcset=\"https:\/\/goldencity.com.pl\/wp-content\/uploads\/2022\/04\/20220120_130441-scaled.jpg 2560w, https:\/\/goldencity.com.pl\/wp-content\/uploads\/2022\/04\/20220120_130441-300x225.jpg 300w, https:\/\/goldencity.com.pl\/wp-content\/uploads\/2022\/04\/20220120_130441-1024x768.jpg 1024w, https:\/\/goldencity.com.pl\/wp-content\/uploads\/2022\/04\/20220120_130441-768x576.jpg 768w, https:\/\/goldencity.com.pl\/wp-content\/uploads\/2022\/04\/20220120_130441-1536x1152.jpg 1536w, https:\/\/goldencity.com.pl\/wp-content\/uploads\/2022\/04\/20220120_130441-2048x1536.jpg 2048w\" sizes=\"auto, (max-width: 2560px) 100vw, 2560px\" \/><figcaption>\u0141azienka<\/figcaption><\/figure>\n\n\n\n<figure class=\"wp-block-image size-large\"><img loading=\"lazy\" decoding=\"async\" width=\"2560\" height=\"1920\" data-id=\"48\" src=\"https:\/\/goldencity.com.pl\/wp-content\/uploads\/2022\/04\/20220120_130624-scaled.jpg\" alt=\"\" class=\"wp-image-48\" srcset=\"https:\/\/goldencity.com.pl\/wp-content\/uploads\/2022\/04\/20220120_130624-scaled.jpg 2560w, https:\/\/goldencity.com.pl\/wp-content\/uploads\/2022\/04\/20220120_130624-300x225.jpg 300w, https:\/\/goldencity.com.pl\/wp-content\/uploads\/2022\/04\/20220120_130624-1024x768.jpg 1024w, https:\/\/goldencity.com.pl\/wp-content\/uploads\/2022\/04\/20220120_130624-768x576.jpg 768w, https:\/\/goldencity.com.pl\/wp-content\/uploads\/2022\/04\/20220120_130624-1536x1152.jpg 1536w, https:\/\/goldencity.com.pl\/wp-content\/uploads\/2022\/04\/20220120_130624-2048x1536.jpg 2048w\" sizes=\"auto, (max-width: 2560px) 100vw, 2560px\" \/><figcaption>Sypialnia<\/figcaption><\/figure>\n\n\n\n<figure class=\"wp-block-image size-large\"><img loading=\"lazy\" decoding=\"async\" width=\"2560\" height=\"1920\" data-id=\"50\" src=\"https:\/\/goldencity.com.pl\/wp-content\/uploads\/2022\/04\/20220120_130359-scaled.jpg\" alt=\"\" class=\"wp-image-50\" srcset=\"https:\/\/goldencity.com.pl\/wp-content\/uploads\/2022\/04\/20220120_130359-scaled.jpg 2560w, https:\/\/goldencity.com.pl\/wp-content\/uploads\/2022\/04\/20220120_130359-300x225.jpg 300w, https:\/\/goldencity.com.pl\/wp-content\/uploads\/2022\/04\/20220120_130359-1024x768.jpg 1024w, https:\/\/goldencity.com.pl\/wp-content\/uploads\/2022\/04\/20220120_130359-768x576.jpg 768w, https:\/\/goldencity.com.pl\/wp-content\/uploads\/2022\/04\/20220120_130359-1536x1152.jpg 1536w, https:\/\/goldencity.com.pl\/wp-content\/uploads\/2022\/04\/20220120_130359-2048x1536.jpg 2048w\" sizes=\"auto, (max-width: 2560px) 100vw, 2560px\" \/><figcaption>Salon z aneksem<\/figcaption><\/figure>\n<\/figure>\n\n\n\n<figure class=\"wp-block-image size-large\"><img loading=\"lazy\" decoding=\"async\" width=\"1024\" height=\"879\" src=\"https:\/\/goldencity.com.pl\/wp-content\/uploads\/2022\/04\/wandy11m34-1024x879.png\" alt=\"\" class=\"wp-image-52\" srcset=\"https:\/\/goldencity.com.pl\/wp-content\/uploads\/2022\/04\/wandy11m34-1024x879.png 1024w, https:\/\/goldencity.com.pl\/wp-content\/uploads\/2022\/04\/wandy11m34-300x257.png 300w, https:\/\/goldencity.com.pl\/wp-content\/uploads\/2022\/04\/wandy11m34-768x659.png 768w, https:\/\/goldencity.com.pl\/wp-content\/uploads\/2022\/04\/wandy11m34.png 1212w\" sizes=\"auto, (max-width: 1024px) 100vw, 1024px\" \/><\/figure>\n","protected":false},"excerpt":{"rendered":"<p>Do wynaj\u0119cia umeblowane mieszkanie w Rybniku na Nowinach, usytuowane na najwy\u017cszym pi\u0119trze. Mieszkanie sk\u0142ada si\u0119 z pokoju dziennego z aneksem kuchennym, sypialni, pp i \u0142azienki. Na pi\u0119trze, obok mieszkania jest do dyspozycji ogrzewane pomieszczenie gospodarcze z oknem! Mieszkanie jest ca\u0142kowicie umeblowane i wyposa\u017cone w AGD: lod\u00f3wk\u0119, kuchenk\u0119, pralk\u0119. Ogrzewanie miejskie ju\u017c w cenie (gwarancja sta\u0142ego [&hellip;]<\/p>\n","protected":false},"author":1,"featured_media":0,"parent":2,"menu_order":0,"comment_status":"closed","ping_status":"closed","template":"","meta":{"footnotes":""},"class_list":["post-18","page","type-page","status-publish","hentry"],"yoast_head":"<!-- This site is optimized with the Yoast SEO plugin v19.6.1 - https:\/\/yoast.com\/wordpress\/plugins\/seo\/ -->\n<title>Rybnik, Wandy 11\/34 - 1 syp., 1 \u0142az - Golden City - zmieniamy rynek wynajmu na lepsze!<\/title>\n<meta name=\"robots\" content=\"index, follow, max-snippet:-1, max-image-preview:large, max-video-preview:-1\" \/>\n<link rel=\"canonical\" href=\"https:\/\/goldencity.com.pl\/?page_id=18\" \/>\n<meta property=\"og:locale\" content=\"pl_PL\" \/>\n<meta property=\"og:type\" content=\"article\" \/>\n<meta property=\"og:title\" content=\"Rybnik, Wandy 11\/34 - 1 syp., 1 \u0142az - Golden City - zmieniamy rynek wynajmu na lepsze!\" \/>\n<meta property=\"og:description\" content=\"Do wynaj\u0119cia umeblowane mieszkanie w Rybniku na Nowinach, usytuowane na najwy\u017cszym pi\u0119trze. Mieszkanie sk\u0142ada si\u0119 z pokoju dziennego z aneksem kuchennym, sypialni, pp i \u0142azienki. Na pi\u0119trze, obok mieszkania jest do dyspozycji ogrzewane pomieszczenie gospodarcze z oknem! Mieszkanie jest ca\u0142kowicie umeblowane i wyposa\u017cone w AGD: lod\u00f3wk\u0119, kuchenk\u0119, pralk\u0119. Ogrzewanie miejskie ju\u017c w cenie (gwarancja sta\u0142ego [&hellip;]\" \/>\n<meta property=\"og:url\" content=\"https:\/\/goldencity.com.pl\/?page_id=18\" \/>\n<meta property=\"og:site_name\" content=\"Golden City - zmieniamy rynek wynajmu na lepsze!\" \/>\n<meta property=\"article:modified_time\" content=\"2022-04-25T13:41:06+00:00\" \/>\n<meta property=\"og:image\" content=\"https:\/\/goldencity.com.pl\/wp-content\/uploads\/2022\/04\/rezerwacja-300x300.png\" \/>\n<meta name=\"twitter:card\" content=\"summary_large_image\" \/>\n<meta name=\"twitter:label1\" content=\"Szacowany czas czytania\" \/>\n\t<meta name=\"twitter:data1\" content=\"2 minuty\" \/>\n<script type=\"application\/ld+json\" class=\"yoast-schema-graph\">{\"@context\":\"https:\/\/schema.org\",\"@graph\":[{\"@type\":\"WebPage\",\"@id\":\"https:\/\/goldencity.com.pl\/?page_id=18\",\"url\":\"https:\/\/goldencity.com.pl\/?page_id=18\",\"name\":\"Rybnik, Wandy 11\/34 - 1 syp., 1 \u0142az - Golden City - zmieniamy rynek wynajmu na lepsze!\",\"isPartOf\":{\"@id\":\"https:\/\/goldencity.com.pl\/#website\"},\"datePublished\":\"2022-04-25T09:05:42+00:00\",\"dateModified\":\"2022-04-25T13:41:06+00:00\",\"breadcrumb\":{\"@id\":\"https:\/\/goldencity.com.pl\/?page_id=18#breadcrumb\"},\"inLanguage\":\"pl-PL\",\"potentialAction\":[{\"@type\":\"ReadAction\",\"target\":[\"https:\/\/goldencity.com.pl\/?page_id=18\"]}]},{\"@type\":\"BreadcrumbList\",\"@id\":\"https:\/\/goldencity.com.pl\/?page_id=18#breadcrumb\",\"itemListElement\":[{\"@type\":\"ListItem\",\"position\":1,\"name\":\"Home\",\"item\":\"https:\/\/goldencity.com.pl\/\"},{\"@type\":\"ListItem\",\"position\":2,\"name\":\"Aktualne oferty\",\"item\":\"https:\/\/goldencity.com.pl\/?page_id=2\"},{\"@type\":\"ListItem\",\"position\":3,\"name\":\"Rybnik, Wandy 11\/34 &#8211; 1 syp., 1 \u0142az\"}]},{\"@type\":\"WebSite\",\"@id\":\"https:\/\/goldencity.com.pl\/#website\",\"url\":\"https:\/\/goldencity.com.pl\/\",\"name\":\"Golden City - zmieniamy rynek wynajmu na lepsze!\",\"description\":\"\",\"publisher\":{\"@id\":\"https:\/\/goldencity.com.pl\/#organization\"},\"potentialAction\":[{\"@type\":\"SearchAction\",\"target\":{\"@type\":\"EntryPoint\",\"urlTemplate\":\"https:\/\/goldencity.com.pl\/?s={search_term_string}\"},\"query-input\":\"required name=search_term_string\"}],\"inLanguage\":\"pl-PL\"},{\"@type\":\"Organization\",\"@id\":\"https:\/\/goldencity.com.pl\/#organization\",\"name\":\"Golden City - zmieniamy rynek wynajmu na lepsze!\",\"url\":\"https:\/\/goldencity.com.pl\/\",\"sameAs\":[],\"logo\":{\"@type\":\"ImageObject\",\"inLanguage\":\"pl-PL\",\"@id\":\"https:\/\/goldencity.com.pl\/#\/schema\/logo\/image\/\",\"url\":\"https:\/\/goldencity.com.pl\/wp-content\/uploads\/2022\/04\/Golden-City-Logo_wht.png\",\"contentUrl\":\"https:\/\/goldencity.com.pl\/wp-content\/uploads\/2022\/04\/Golden-City-Logo_wht.png\",\"width\":1200,\"height\":1200,\"caption\":\"Golden City - zmieniamy rynek wynajmu na lepsze!\"},\"image\":{\"@id\":\"https:\/\/goldencity.com.pl\/#\/schema\/logo\/image\/\"}}]}<\/script>\n<!-- \/ Yoast SEO plugin. -->","yoast_head_json":{"title":"Rybnik, Wandy 11\/34 - 1 syp., 1 \u0142az - Golden City - zmieniamy rynek wynajmu na lepsze!","robots":{"index":"index","follow":"follow","max-snippet":"max-snippet:-1","max-image-preview":"max-image-preview:large","max-video-preview":"max-video-preview:-1"},"canonical":"https:\/\/goldencity.com.pl\/?page_id=18","og_locale":"pl_PL","og_type":"article","og_title":"Rybnik, Wandy 11\/34 - 1 syp., 1 \u0142az - Golden City - zmieniamy rynek wynajmu na lepsze!","og_description":"Do wynaj\u0119cia umeblowane mieszkanie w Rybniku na Nowinach, usytuowane na najwy\u017cszym pi\u0119trze. Mieszkanie sk\u0142ada si\u0119 z pokoju dziennego z aneksem kuchennym, sypialni, pp i \u0142azienki. Na pi\u0119trze, obok mieszkania jest do dyspozycji ogrzewane pomieszczenie gospodarcze z oknem! Mieszkanie jest ca\u0142kowicie umeblowane i wyposa\u017cone w AGD: lod\u00f3wk\u0119, kuchenk\u0119, pralk\u0119. Ogrzewanie miejskie ju\u017c w cenie (gwarancja sta\u0142ego [&hellip;]","og_url":"https:\/\/goldencity.com.pl\/?page_id=18","og_site_name":"Golden City - zmieniamy rynek wynajmu na lepsze!","article_modified_time":"2022-04-25T13:41:06+00:00","og_image":[{"url":"https:\/\/goldencity.com.pl\/wp-content\/uploads\/2022\/04\/rezerwacja-300x300.png"}],"twitter_card":"summary_large_image","twitter_misc":{"Szacowany czas czytania":"2 minuty"},"schema":{"@context":"https:\/\/schema.org","@graph":[{"@type":"WebPage","@id":"https:\/\/goldencity.com.pl\/?page_id=18","url":"https:\/\/goldencity.com.pl\/?page_id=18","name":"Rybnik, Wandy 11\/34 - 1 syp., 1 \u0142az - Golden City - zmieniamy rynek wynajmu na lepsze!","isPartOf":{"@id":"https:\/\/goldencity.com.pl\/#website"},"datePublished":"2022-04-25T09:05:42+00:00","dateModified":"2022-04-25T13:41:06+00:00","breadcrumb":{"@id":"https:\/\/goldencity.com.pl\/?page_id=18#breadcrumb"},"inLanguage":"pl-PL","potentialAction":[{"@type":"ReadAction","target":["https:\/\/goldencity.com.pl\/?page_id=18"]}]},{"@type":"BreadcrumbList","@id":"https:\/\/goldencity.com.pl\/?page_id=18#breadcrumb","itemListElement":[{"@type":"ListItem","position":1,"name":"Home","item":"https:\/\/goldencity.com.pl\/"},{"@type":"ListItem","position":2,"name":"Aktualne oferty","item":"https:\/\/goldencity.com.pl\/?page_id=2"},{"@type":"ListItem","position":3,"name":"Rybnik, Wandy 11\/34 &#8211; 1 syp., 1 \u0142az"}]},{"@type":"WebSite","@id":"https:\/\/goldencity.com.pl\/#website","url":"https:\/\/goldencity.com.pl\/","name":"Golden City - zmieniamy rynek wynajmu na lepsze!","description":"","publisher":{"@id":"https:\/\/goldencity.com.pl\/#organization"},"potentialAction":[{"@type":"SearchAction","target":{"@type":"EntryPoint","urlTemplate":"https:\/\/goldencity.com.pl\/?s={search_term_string}"},"query-input":"required name=search_term_string"}],"inLanguage":"pl-PL"},{"@type":"Organization","@id":"https:\/\/goldencity.com.pl\/#organization","name":"Golden City - zmieniamy rynek wynajmu na lepsze!","url":"https:\/\/goldencity.com.pl\/","sameAs":[],"logo":{"@type":"ImageObject","inLanguage":"pl-PL","@id":"https:\/\/goldencity.com.pl\/#\/schema\/logo\/image\/","url":"https:\/\/goldencity.com.pl\/wp-content\/uploads\/2022\/04\/Golden-City-Logo_wht.png","contentUrl":"https:\/\/goldencity.com.pl\/wp-content\/uploads\/2022\/04\/Golden-City-Logo_wht.png","width":1200,"height":1200,"caption":"Golden City - zmieniamy rynek wynajmu na lepsze!"},"image":{"@id":"https:\/\/goldencity.com.pl\/#\/schema\/logo\/image\/"}}]}},"_links":{"self":[{"href":"https:\/\/goldencity.com.pl\/index.php?rest_route=\/wp\/v2\/pages\/18","targetHints":{"allow":["GET"]}}],"collection":[{"href":"https:\/\/goldencity.com.pl\/index.php?rest_route=\/wp\/v2\/pages"}],"about":[{"href":"https:\/\/goldencity.com.pl\/index.php?rest_route=\/wp\/v2\/types\/page"}],"author":[{"embeddable":true,"href":"https:\/\/goldencity.com.pl\/index.php?rest_route=\/wp\/v2\/users\/1"}],"replies":[{"embeddable":true,"href":"https:\/\/goldencity.com.pl\/index.php?rest_route=%2Fwp%2Fv2%2Fcomments&post=18"}],"version-history":[{"count":4,"href":"https:\/\/goldencity.com.pl\/index.php?rest_route=\/wp\/v2\/pages\/18\/revisions"}],"predecessor-version":[{"id":66,"href":"https:\/\/goldencity.com.pl\/index.php?rest_route=\/wp\/v2\/pages\/18\/revisions\/66"}],"up":[{"embeddable":true,"href":"https:\/\/goldencity.com.pl\/index.php?rest_route=\/wp\/v2\/pages\/2"}],"wp:attachment":[{"href":"https:\/\/goldencity.com.pl\/index.php?rest_route=%2Fwp%2Fv2%2Fmedia&parent=18"}],"curies":[{"name":"wp","href":"https:\/\/api.w.org\/{rel}","templated":true}]}}