{"id":2,"date":"2022-04-25T10:40:20","date_gmt":"2022-04-25T08:40:20","guid":{"rendered":"http:\/\/goldencity.com.pl\/?page_id=2"},"modified":"2022-10-18T10:02:27","modified_gmt":"2022-10-18T08:02:27","slug":"przykladowa-strona","status":"publish","type":"page","link":"https:\/\/goldencity.com.pl\/?page_id=2","title":{"rendered":"Aktualne oferty"},"content":{"rendered":"\n<div class=\"wp-block-group is-layout-flow wp-block-group-is-layout-flow\">\n<h4 class=\"wp-block-heading\"><a href=\"https:\/\/goldencity.com.pl\/?page_id=18\">Rybnik, Wandy 11\/34 &#8211; 1 syp., 1 \u0142az<\/a><\/h4>\n\n\n\n<p>1100z\u0142 +czynsz administracyjny z ogrzewaniem w kwocie ok 500z\u0142 + woda i pr\u0105d. Kaucja wysoko\u015bci 2500z\u0142.<\/p>\n\n\n\n<figure class=\"wp-block-gallery has-nested-images columns-default is-cropped wp-block-gallery-1 is-layout-flex wp-block-gallery-is-layout-flex\">\n<figure class=\"wp-block-image size-large is-resized\"><img loading=\"lazy\" decoding=\"async\" data-id=\"50\" src=\"https:\/\/goldencity.com.pl\/wp-content\/uploads\/2022\/04\/20220120_130359-1024x768.jpg\" alt=\"\" class=\"wp-image-50\" width=\"253\" height=\"189\" srcset=\"https:\/\/goldencity.com.pl\/wp-content\/uploads\/2022\/04\/20220120_130359-1024x768.jpg 1024w, https:\/\/goldencity.com.pl\/wp-content\/uploads\/2022\/04\/20220120_130359-300x225.jpg 300w, https:\/\/goldencity.com.pl\/wp-content\/uploads\/2022\/04\/20220120_130359-768x576.jpg 768w, https:\/\/goldencity.com.pl\/wp-content\/uploads\/2022\/04\/20220120_130359-1536x1152.jpg 1536w, https:\/\/goldencity.com.pl\/wp-content\/uploads\/2022\/04\/20220120_130359-2048x1536.jpg 2048w\" sizes=\"auto, (max-width: 253px) 100vw, 253px\" \/><\/figure>\n\n\n\n<figure class=\"wp-block-image size-large\"><img loading=\"lazy\" decoding=\"async\" width=\"700\" height=\"700\" data-id=\"64\" src=\"https:\/\/goldencity.com.pl\/wp-content\/uploads\/2022\/04\/rezerwacja.png\" alt=\"\" class=\"wp-image-64\" srcset=\"https:\/\/goldencity.com.pl\/wp-content\/uploads\/2022\/04\/rezerwacja.png 700w, https:\/\/goldencity.com.pl\/wp-content\/uploads\/2022\/04\/rezerwacja-300x300.png 300w, https:\/\/goldencity.com.pl\/wp-content\/uploads\/2022\/04\/rezerwacja-150x150.png 150w\" sizes=\"auto, (max-width: 700px) 100vw, 700px\" \/><\/figure>\n<\/figure>\n<\/div>\n\n\n\n<hr class=\"wp-block-separator has-text-color has-foreground-color has-alpha-channel-opacity has-foreground-background-color has-background aligncenter is-style-dots\"\/>\n\n\n\n<div class=\"wp-block-group is-layout-flow wp-block-group-is-layout-flow\">\n<h4 class=\"wp-block-heading\"><a href=\"https:\/\/goldencity.com.pl\/?page_id=33\">Rybnik, 1 Maja 44\/5 &#8211; 1 syp., 1 \u0142az<\/a><\/h4>\n\n\n\n<p> 1300z\u0142 + czynsz ok 300z\u0142 + \u015bmieci, woda oraz pr\u0105d. <br>Kaucja wysoko\u015bci 2500z\u0142.<\/p>\n\n\n\n<div class=\"wp-block-group is-layout-flow wp-block-group-is-layout-flow\">\n<div class=\"wp-block-columns is-layout-flex wp-container-core-columns-is-layout-28f84493 wp-block-columns-is-layout-flex\">\n<div class=\"wp-block-column is-layout-flow wp-block-column-is-layout-flow\" style=\"flex-basis:100%\">\n<div class=\"wp-block-group is-layout-flow wp-block-group-is-layout-flow\">\n<figure class=\"wp-block-gallery has-nested-images columns-default is-cropped wp-block-gallery-2 is-layout-flex wp-block-gallery-is-layout-flex\">\n<figure class=\"wp-block-image size-large is-style-default\"><img loading=\"lazy\" decoding=\"async\" width=\"1024\" height=\"768\" data-id=\"83\" src=\"https:\/\/goldencity.com.pl\/wp-content\/uploads\/2022\/06\/1-1024x768.webp\" alt=\"\" class=\"wp-image-83\" srcset=\"https:\/\/goldencity.com.pl\/wp-content\/uploads\/2022\/06\/1-1024x768.webp 1024w, https:\/\/goldencity.com.pl\/wp-content\/uploads\/2022\/06\/1-300x225.webp 300w, https:\/\/goldencity.com.pl\/wp-content\/uploads\/2022\/06\/1-768x576.webp 768w, https:\/\/goldencity.com.pl\/wp-content\/uploads\/2022\/06\/1-1536x1152.webp 1536w, https:\/\/goldencity.com.pl\/wp-content\/uploads\/2022\/06\/1.webp 2048w\" sizes=\"auto, (max-width: 1024px) 100vw, 1024px\" \/><\/figure>\n\n\n\n<figure class=\"wp-block-image size-large is-style-default\"><img loading=\"lazy\" decoding=\"async\" width=\"700\" height=\"700\" data-id=\"64\" src=\"https:\/\/goldencity.com.pl\/wp-content\/uploads\/2022\/04\/rezerwacja.png\" alt=\"\" class=\"wp-image-64\" srcset=\"https:\/\/goldencity.com.pl\/wp-content\/uploads\/2022\/04\/rezerwacja.png 700w, https:\/\/goldencity.com.pl\/wp-content\/uploads\/2022\/04\/rezerwacja-300x300.png 300w, https:\/\/goldencity.com.pl\/wp-content\/uploads\/2022\/04\/rezerwacja-150x150.png 150w\" sizes=\"auto, (max-width: 700px) 100vw, 700px\" \/><\/figure>\n<\/figure>\n<\/div>\n<\/div>\n<\/div>\n<\/div>\n<\/div>\n\n\n\n<div class=\"wp-block-group is-layout-flow wp-block-group-is-layout-flow\">\n<hr class=\"wp-block-separator has-alpha-channel-opacity is-style-dots\"\/>\n<\/div>\n\n\n\n<h4 class=\"wp-block-heading\"><a href=\"https:\/\/goldencity.com.pl\/?page_id=91\">Rybnik, D\u0105br\u00f3wki 5a\/51 &#8211; 1 syp., 1 \u0142az<\/a><\/h4>\n\n\n\n<p>1300z\u0142 + czynsz ok 300z\u0142 + \u015bmieci, woda oraz pr\u0105d. <br>Kaucja wysoko\u015bci 2500z\u0142.<\/p>\n\n\n\n<figure class=\"wp-block-gallery has-nested-images columns-default is-cropped wp-block-gallery-3 is-layout-flex wp-block-gallery-is-layout-flex\">\n<figure class=\"wp-block-image size-large is-style-default\"><img loading=\"lazy\" decoding=\"async\" width=\"1496\" height=\"1120\" data-id=\"95\" src=\"https:\/\/goldencity.com.pl\/wp-content\/uploads\/2022\/09\/1.png\" alt=\"\" class=\"wp-image-95\" srcset=\"https:\/\/goldencity.com.pl\/wp-content\/uploads\/2022\/09\/1.png 1496w, https:\/\/goldencity.com.pl\/wp-content\/uploads\/2022\/09\/1-300x225.png 300w, https:\/\/goldencity.com.pl\/wp-content\/uploads\/2022\/09\/1-1024x767.png 1024w, https:\/\/goldencity.com.pl\/wp-content\/uploads\/2022\/09\/1-768x575.png 768w\" sizes=\"auto, (max-width: 1496px) 100vw, 1496px\" \/><\/figure>\n\n\n\n<figure class=\"wp-block-image size-large is-style-default\"><img loading=\"lazy\" decoding=\"async\" width=\"700\" height=\"700\" data-id=\"64\" src=\"https:\/\/goldencity.com.pl\/wp-content\/uploads\/2022\/04\/rezerwacja.png\" alt=\"\" class=\"wp-image-64\" srcset=\"https:\/\/goldencity.com.pl\/wp-content\/uploads\/2022\/04\/rezerwacja.png 700w, https:\/\/goldencity.com.pl\/wp-content\/uploads\/2022\/04\/rezerwacja-300x300.png 300w, https:\/\/goldencity.com.pl\/wp-content\/uploads\/2022\/04\/rezerwacja-150x150.png 150w\" sizes=\"auto, (max-width: 700px) 100vw, 700px\" \/><\/figure>\n<\/figure>\n","protected":false},"excerpt":{"rendered":"<p>Rybnik, Wandy 11\/34 &#8211; 1 syp., 1 \u0142az 1100z\u0142 +czynsz administracyjny z ogrzewaniem w kwocie ok 500z\u0142 + woda i pr\u0105d. Kaucja wysoko\u015bci 2500z\u0142. Rybnik, 1 Maja 44\/5 &#8211; 1 syp., 1 \u0142az 1300z\u0142 + czynsz ok 300z\u0142 + \u015bmieci, woda oraz pr\u0105d. Kaucja wysoko\u015bci 2500z\u0142. Rybnik, D\u0105br\u00f3wki 5a\/51 &#8211; 1 syp., 1 \u0142az 1300z\u0142 [&hellip;]<\/p>\n","protected":false},"author":1,"featured_media":0,"parent":0,"menu_order":0,"comment_status":"closed","ping_status":"open","template":"","meta":{"footnotes":""},"class_list":["post-2","page","type-page","status-publish","hentry"],"yoast_head":"<!-- This site is optimized with the Yoast SEO plugin v19.6.1 - https:\/\/yoast.com\/wordpress\/plugins\/seo\/ -->\n<title>Aktualne oferty - Golden City - zmieniamy rynek wynajmu na lepsze!<\/title>\n<meta name=\"robots\" content=\"index, follow, max-snippet:-1, max-image-preview:large, max-video-preview:-1\" \/>\n<link rel=\"canonical\" href=\"https:\/\/goldencity.com.pl\/?page_id=2\" \/>\n<meta property=\"og:locale\" content=\"pl_PL\" \/>\n<meta property=\"og:type\" content=\"article\" \/>\n<meta property=\"og:title\" content=\"Aktualne oferty - Golden City - zmieniamy rynek wynajmu na lepsze!\" \/>\n<meta property=\"og:description\" content=\"Rybnik, Wandy 11\/34 &#8211; 1 syp., 1 \u0142az 1100z\u0142 +czynsz administracyjny z ogrzewaniem w kwocie ok 500z\u0142 + woda i pr\u0105d. Kaucja wysoko\u015bci 2500z\u0142. Rybnik, 1 Maja 44\/5 &#8211; 1 syp., 1 \u0142az 1300z\u0142 + czynsz ok 300z\u0142 + \u015bmieci, woda oraz pr\u0105d. Kaucja wysoko\u015bci 2500z\u0142. Rybnik, D\u0105br\u00f3wki 5a\/51 &#8211; 1 syp., 1 \u0142az 1300z\u0142 [&hellip;]\" \/>\n<meta property=\"og:url\" content=\"https:\/\/goldencity.com.pl\/?page_id=2\" \/>\n<meta property=\"og:site_name\" content=\"Golden City - zmieniamy rynek wynajmu na lepsze!\" \/>\n<meta property=\"article:modified_time\" content=\"2022-10-18T08:02:27+00:00\" \/>\n<meta property=\"og:image\" content=\"https:\/\/goldencity.com.pl\/wp-content\/uploads\/2022\/04\/20220120_130359-1024x768.jpg\" \/>\n<meta name=\"twitter:card\" content=\"summary_large_image\" \/>\n<meta name=\"twitter:label1\" content=\"Szacowany czas czytania\" \/>\n\t<meta name=\"twitter:data1\" content=\"2 minuty\" \/>\n<script type=\"application\/ld+json\" class=\"yoast-schema-graph\">{\"@context\":\"https:\/\/schema.org\",\"@graph\":[{\"@type\":\"WebPage\",\"@id\":\"https:\/\/goldencity.com.pl\/?page_id=2\",\"url\":\"https:\/\/goldencity.com.pl\/?page_id=2\",\"name\":\"Aktualne oferty - Golden City - zmieniamy rynek wynajmu na lepsze!\",\"isPartOf\":{\"@id\":\"https:\/\/goldencity.com.pl\/#website\"},\"datePublished\":\"2022-04-25T08:40:20+00:00\",\"dateModified\":\"2022-10-18T08:02:27+00:00\",\"breadcrumb\":{\"@id\":\"https:\/\/goldencity.com.pl\/?page_id=2#breadcrumb\"},\"inLanguage\":\"pl-PL\",\"potentialAction\":[{\"@type\":\"ReadAction\",\"target\":[\"https:\/\/goldencity.com.pl\/?page_id=2\"]}]},{\"@type\":\"BreadcrumbList\",\"@id\":\"https:\/\/goldencity.com.pl\/?page_id=2#breadcrumb\",\"itemListElement\":[{\"@type\":\"ListItem\",\"position\":1,\"name\":\"Home\",\"item\":\"https:\/\/goldencity.com.pl\/\"},{\"@type\":\"ListItem\",\"position\":2,\"name\":\"Aktualne oferty\"}]},{\"@type\":\"WebSite\",\"@id\":\"https:\/\/goldencity.com.pl\/#website\",\"url\":\"https:\/\/goldencity.com.pl\/\",\"name\":\"Golden City - zmieniamy rynek wynajmu na lepsze!\",\"description\":\"\",\"publisher\":{\"@id\":\"https:\/\/goldencity.com.pl\/#organization\"},\"potentialAction\":[{\"@type\":\"SearchAction\",\"target\":{\"@type\":\"EntryPoint\",\"urlTemplate\":\"https:\/\/goldencity.com.pl\/?s={search_term_string}\"},\"query-input\":\"required name=search_term_string\"}],\"inLanguage\":\"pl-PL\"},{\"@type\":\"Organization\",\"@id\":\"https:\/\/goldencity.com.pl\/#organization\",\"name\":\"Golden City - zmieniamy rynek wynajmu na lepsze!\",\"url\":\"https:\/\/goldencity.com.pl\/\",\"sameAs\":[],\"logo\":{\"@type\":\"ImageObject\",\"inLanguage\":\"pl-PL\",\"@id\":\"https:\/\/goldencity.com.pl\/#\/schema\/logo\/image\/\",\"url\":\"https:\/\/goldencity.com.pl\/wp-content\/uploads\/2022\/04\/Golden-City-Logo_wht.png\",\"contentUrl\":\"https:\/\/goldencity.com.pl\/wp-content\/uploads\/2022\/04\/Golden-City-Logo_wht.png\",\"width\":1200,\"height\":1200,\"caption\":\"Golden City - zmieniamy rynek wynajmu na lepsze!\"},\"image\":{\"@id\":\"https:\/\/goldencity.com.pl\/#\/schema\/logo\/image\/\"}}]}<\/script>\n<!-- \/ Yoast SEO plugin. -->","yoast_head_json":{"title":"Aktualne oferty - Golden City - zmieniamy rynek wynajmu na lepsze!","robots":{"index":"index","follow":"follow","max-snippet":"max-snippet:-1","max-image-preview":"max-image-preview:large","max-video-preview":"max-video-preview:-1"},"canonical":"https:\/\/goldencity.com.pl\/?page_id=2","og_locale":"pl_PL","og_type":"article","og_title":"Aktualne oferty - Golden City - zmieniamy rynek wynajmu na lepsze!","og_description":"Rybnik, Wandy 11\/34 &#8211; 1 syp., 1 \u0142az 1100z\u0142 +czynsz administracyjny z ogrzewaniem w kwocie ok 500z\u0142 + woda i pr\u0105d. Kaucja wysoko\u015bci 2500z\u0142. Rybnik, 1 Maja 44\/5 &#8211; 1 syp., 1 \u0142az 1300z\u0142 + czynsz ok 300z\u0142 + \u015bmieci, woda oraz pr\u0105d. Kaucja wysoko\u015bci 2500z\u0142. Rybnik, D\u0105br\u00f3wki 5a\/51 &#8211; 1 syp., 1 \u0142az 1300z\u0142 [&hellip;]","og_url":"https:\/\/goldencity.com.pl\/?page_id=2","og_site_name":"Golden City - zmieniamy rynek wynajmu na lepsze!","article_modified_time":"2022-10-18T08:02:27+00:00","og_image":[{"url":"https:\/\/goldencity.com.pl\/wp-content\/uploads\/2022\/04\/20220120_130359-1024x768.jpg"}],"twitter_card":"summary_large_image","twitter_misc":{"Szacowany czas czytania":"2 minuty"},"schema":{"@context":"https:\/\/schema.org","@graph":[{"@type":"WebPage","@id":"https:\/\/goldencity.com.pl\/?page_id=2","url":"https:\/\/goldencity.com.pl\/?page_id=2","name":"Aktualne oferty - Golden City - zmieniamy rynek wynajmu na lepsze!","isPartOf":{"@id":"https:\/\/goldencity.com.pl\/#website"},"datePublished":"2022-04-25T08:40:20+00:00","dateModified":"2022-10-18T08:02:27+00:00","breadcrumb":{"@id":"https:\/\/goldencity.com.pl\/?page_id=2#breadcrumb"},"inLanguage":"pl-PL","potentialAction":[{"@type":"ReadAction","target":["https:\/\/goldencity.com.pl\/?page_id=2"]}]},{"@type":"BreadcrumbList","@id":"https:\/\/goldencity.com.pl\/?page_id=2#breadcrumb","itemListElement":[{"@type":"ListItem","position":1,"name":"Home","item":"https:\/\/goldencity.com.pl\/"},{"@type":"ListItem","position":2,"name":"Aktualne oferty"}]},{"@type":"WebSite","@id":"https:\/\/goldencity.com.pl\/#website","url":"https:\/\/goldencity.com.pl\/","name":"Golden City - zmieniamy rynek wynajmu na lepsze!","description":"","publisher":{"@id":"https:\/\/goldencity.com.pl\/#organization"},"potentialAction":[{"@type":"SearchAction","target":{"@type":"EntryPoint","urlTemplate":"https:\/\/goldencity.com.pl\/?s={search_term_string}"},"query-input":"required name=search_term_string"}],"inLanguage":"pl-PL"},{"@type":"Organization","@id":"https:\/\/goldencity.com.pl\/#organization","name":"Golden City - zmieniamy rynek wynajmu na lepsze!","url":"https:\/\/goldencity.com.pl\/","sameAs":[],"logo":{"@type":"ImageObject","inLanguage":"pl-PL","@id":"https:\/\/goldencity.com.pl\/#\/schema\/logo\/image\/","url":"https:\/\/goldencity.com.pl\/wp-content\/uploads\/2022\/04\/Golden-City-Logo_wht.png","contentUrl":"https:\/\/goldencity.com.pl\/wp-content\/uploads\/2022\/04\/Golden-City-Logo_wht.png","width":1200,"height":1200,"caption":"Golden City - zmieniamy rynek wynajmu na lepsze!"},"image":{"@id":"https:\/\/goldencity.com.pl\/#\/schema\/logo\/image\/"}}]}},"_links":{"self":[{"href":"https:\/\/goldencity.com.pl\/index.php?rest_route=\/wp\/v2\/pages\/2","targetHints":{"allow":["GET"]}}],"collection":[{"href":"https:\/\/goldencity.com.pl\/index.php?rest_route=\/wp\/v2\/pages"}],"about":[{"href":"https:\/\/goldencity.com.pl\/index.php?rest_route=\/wp\/v2\/types\/page"}],"author":[{"embeddable":true,"href":"https:\/\/goldencity.com.pl\/index.php?rest_route=\/wp\/v2\/users\/1"}],"replies":[{"embeddable":true,"href":"https:\/\/goldencity.com.pl\/index.php?rest_route=%2Fwp%2Fv2%2Fcomments&post=2"}],"version-history":[{"count":17,"href":"https:\/\/goldencity.com.pl\/index.php?rest_route=\/wp\/v2\/pages\/2\/revisions"}],"predecessor-version":[{"id":102,"href":"https:\/\/goldencity.com.pl\/index.php?rest_route=\/wp\/v2\/pages\/2\/revisions\/102"}],"wp:attachment":[{"href":"https:\/\/goldencity.com.pl\/index.php?rest_route=%2Fwp%2Fv2%2Fmedia&parent=2"}],"curies":[{"name":"wp","href":"https:\/\/api.w.org\/{rel}","templated":true}]}}