{"id":33,"date":"2022-04-25T11:33:16","date_gmt":"2022-04-25T09:33:16","guid":{"rendered":"https:\/\/goldencity.com.pl\/?page_id=33"},"modified":"2022-06-24T16:02:42","modified_gmt":"2022-06-24T14:02:42","slug":"rybnik-1-maja-44-5-1-syp-1-laz","status":"publish","type":"page","link":"https:\/\/goldencity.com.pl\/?page_id=33","title":{"rendered":"Rybnik, 1 Maja 44\/5 &#8211; 1 syp., 1 \u0142az"},"content":{"rendered":"\n<p>Do wynaj\u0119cia \u015bwie\u017co wyremontowane mieszkanie w\u00a0Chwa\u0142owicach, o\u00a0powierzchni 38mkw, kt\u00f3re sk\u0142ada si\u0119 du\u017cego pokoju z\u00a0aneksem kuchennym, mniejszego pokoju, \u0142azienki i\u00a0przedpokoju. Do dyspozycji Najemcy jest tak\u017ce du\u017ca piwnica. Mieszkanie usytuowane jest na parterze w\u00a0kamienicy, przed kt\u00f3rym jest wyremontowany parking z\u00a0mn\u00f3stwem miejsc parkingowych.<\/p>\n\n\n\n<p>Na wyposa\u017ceniu mieszkania s\u0105 nowe meble kuchenne wraz ze sprz\u0119tem AGD: lod\u00f3wk\u0105, kuchenk\u0105 elektryczn\u0105, pralk\u0105, zmywark\u0105. Pokoje bez mebli. Zamontowano najnowocze\u015bniejsze ekonomiczne ogrzewanie elektryczne w&nbsp;postaci paneli, a&nbsp;w \u0142azience jest ogrzewanie pod\u0142ogowe. Ka\u017cde pomieszczenie jest sterowane niezale\u017cnie poprzez specjalne czujniki i&nbsp;sterowniki. Ciep\u0142a woda ogrzewana jest przez ekonomiczny, inteligentny bojler elektryczny. Brak w&nbsp;mieszkaniu gazu.<\/p>\n\n\n\n<p>Koszt najmu to 1300z\u0142 odst\u0119pnego+ czynsz ok 300z\u0142+ \u015bmieci, woda oraz pr\u0105d. Kaucja wp\u0142acana w\u00a0dniu umowy najmu to 2500z\u0142. Mieszkanie jest wolne od zaraz!<\/p>\n\n\n\n<figure class=\"wp-block-gallery has-nested-images columns-default is-cropped wp-block-gallery-1 is-layout-flex wp-block-gallery-is-layout-flex\">\n<figure class=\"wp-block-image size-large\"><img loading=\"lazy\" decoding=\"async\" width=\"1024\" height=\"768\" data-id=\"81\" src=\"https:\/\/goldencity.com.pl\/wp-content\/uploads\/2022\/06\/4-1024x768.webp\" alt=\"\" class=\"wp-image-81\" srcset=\"https:\/\/goldencity.com.pl\/wp-content\/uploads\/2022\/06\/4-1024x768.webp 1024w, https:\/\/goldencity.com.pl\/wp-content\/uploads\/2022\/06\/4-300x225.webp 300w, https:\/\/goldencity.com.pl\/wp-content\/uploads\/2022\/06\/4-768x576.webp 768w, https:\/\/goldencity.com.pl\/wp-content\/uploads\/2022\/06\/4-1536x1152.webp 1536w, https:\/\/goldencity.com.pl\/wp-content\/uploads\/2022\/06\/4.webp 2048w\" sizes=\"auto, (max-width: 1024px) 100vw, 1024px\" \/><\/figure>\n\n\n\n<figure class=\"wp-block-image size-large\"><img loading=\"lazy\" decoding=\"async\" width=\"768\" height=\"1024\" data-id=\"80\" src=\"https:\/\/goldencity.com.pl\/wp-content\/uploads\/2022\/06\/3-768x1024.webp\" alt=\"\" class=\"wp-image-80\" srcset=\"https:\/\/goldencity.com.pl\/wp-content\/uploads\/2022\/06\/3-768x1024.webp 768w, https:\/\/goldencity.com.pl\/wp-content\/uploads\/2022\/06\/3-225x300.webp 225w, https:\/\/goldencity.com.pl\/wp-content\/uploads\/2022\/06\/3.webp 1152w\" sizes=\"auto, (max-width: 768px) 100vw, 768px\" \/><\/figure>\n\n\n\n<figure class=\"wp-block-image size-large\"><img loading=\"lazy\" decoding=\"async\" width=\"792\" height=\"1024\" data-id=\"82\" src=\"https:\/\/goldencity.com.pl\/wp-content\/uploads\/2022\/06\/2-792x1024.webp\" alt=\"\" class=\"wp-image-82\" srcset=\"https:\/\/goldencity.com.pl\/wp-content\/uploads\/2022\/06\/2-792x1024.webp 792w, https:\/\/goldencity.com.pl\/wp-content\/uploads\/2022\/06\/2-232x300.webp 232w, https:\/\/goldencity.com.pl\/wp-content\/uploads\/2022\/06\/2-768x993.webp 768w, https:\/\/goldencity.com.pl\/wp-content\/uploads\/2022\/06\/2.webp 1188w\" sizes=\"auto, (max-width: 792px) 100vw, 792px\" \/><\/figure>\n\n\n\n<figure class=\"wp-block-image size-large\"><img loading=\"lazy\" decoding=\"async\" width=\"1024\" height=\"768\" data-id=\"83\" src=\"https:\/\/goldencity.com.pl\/wp-content\/uploads\/2022\/06\/1-1024x768.webp\" alt=\"\" class=\"wp-image-83\" srcset=\"https:\/\/goldencity.com.pl\/wp-content\/uploads\/2022\/06\/1-1024x768.webp 1024w, https:\/\/goldencity.com.pl\/wp-content\/uploads\/2022\/06\/1-300x225.webp 300w, https:\/\/goldencity.com.pl\/wp-content\/uploads\/2022\/06\/1-768x576.webp 768w, https:\/\/goldencity.com.pl\/wp-content\/uploads\/2022\/06\/1-1536x1152.webp 1536w, https:\/\/goldencity.com.pl\/wp-content\/uploads\/2022\/06\/1.webp 2048w\" sizes=\"auto, (max-width: 1024px) 100vw, 1024px\" \/><\/figure>\n<\/figure>\n\n\n\n<figure class=\"wp-block-image size-full\"><img loading=\"lazy\" decoding=\"async\" width=\"955\" height=\"675\" src=\"https:\/\/goldencity.com.pl\/wp-content\/uploads\/2022\/04\/1maja44map.png\" alt=\"\" class=\"wp-image-40\" srcset=\"https:\/\/goldencity.com.pl\/wp-content\/uploads\/2022\/04\/1maja44map.png 955w, https:\/\/goldencity.com.pl\/wp-content\/uploads\/2022\/04\/1maja44map-300x212.png 300w, https:\/\/goldencity.com.pl\/wp-content\/uploads\/2022\/04\/1maja44map-768x543.png 768w\" sizes=\"auto, (max-width: 955px) 100vw, 955px\" \/><\/figure>\n","protected":false},"excerpt":{"rendered":"<p>Do wynaj\u0119cia \u015bwie\u017co wyremontowane mieszkanie w\u00a0Chwa\u0142owicach, o\u00a0powierzchni 38mkw, kt\u00f3re sk\u0142ada si\u0119 du\u017cego pokoju z\u00a0aneksem kuchennym, mniejszego pokoju, \u0142azienki i\u00a0przedpokoju. Do dyspozycji Najemcy jest tak\u017ce du\u017ca piwnica. Mieszkanie usytuowane jest na parterze w\u00a0kamienicy, przed kt\u00f3rym jest wyremontowany parking z\u00a0mn\u00f3stwem miejsc parkingowych. Na wyposa\u017ceniu mieszkania s\u0105 nowe meble kuchenne wraz ze sprz\u0119tem AGD: lod\u00f3wk\u0105, kuchenk\u0105 elektryczn\u0105, pralk\u0105, [&hellip;]<\/p>\n","protected":false},"author":1,"featured_media":35,"parent":2,"menu_order":1,"comment_status":"closed","ping_status":"closed","template":"","meta":{"footnotes":""},"class_list":["post-33","page","type-page","status-publish","has-post-thumbnail","hentry"],"yoast_head":"<!-- This site is optimized with the Yoast SEO plugin v19.6.1 - https:\/\/yoast.com\/wordpress\/plugins\/seo\/ -->\n<title>Rybnik, 1 Maja 44\/5 - 1 syp., 1 \u0142az - Golden City - zmieniamy rynek wynajmu na lepsze!<\/title>\n<meta name=\"description\" content=\"W trakcie generalnego remontu. Przewidywany czas oddania do uzytku Lato 20222022\" \/>\n<meta name=\"robots\" content=\"index, follow, max-snippet:-1, max-image-preview:large, max-video-preview:-1\" \/>\n<link rel=\"canonical\" href=\"https:\/\/goldencity.com.pl\/?page_id=33\" \/>\n<meta property=\"og:locale\" content=\"pl_PL\" \/>\n<meta property=\"og:type\" content=\"article\" \/>\n<meta property=\"og:title\" content=\"Rybnik, 1 Maja 44\/5 - 1 syp., 1 \u0142az - Golden City - zmieniamy rynek wynajmu na lepsze!\" \/>\n<meta property=\"og:description\" content=\"W trakcie generalnego remontu. Przewidywany czas oddania do uzytku Lato 20222022\" \/>\n<meta property=\"og:url\" content=\"https:\/\/goldencity.com.pl\/?page_id=33\" \/>\n<meta property=\"og:site_name\" content=\"Golden City - zmieniamy rynek wynajmu na lepsze!\" \/>\n<meta property=\"article:modified_time\" content=\"2022-06-24T14:02:42+00:00\" \/>\n<meta property=\"og:image\" content=\"https:\/\/goldencity.com.pl\/wp-content\/uploads\/2022\/04\/tools-logo.png\" \/>\n\t<meta property=\"og:image:width\" content=\"406\" \/>\n\t<meta property=\"og:image:height\" content=\"405\" \/>\n\t<meta property=\"og:image:type\" content=\"image\/png\" \/>\n<meta name=\"twitter:card\" content=\"summary_large_image\" \/>\n<meta name=\"twitter:label1\" content=\"Szacowany czas czytania\" \/>\n\t<meta name=\"twitter:data1\" content=\"2 minuty\" \/>\n<script type=\"application\/ld+json\" class=\"yoast-schema-graph\">{\"@context\":\"https:\/\/schema.org\",\"@graph\":[{\"@type\":\"WebPage\",\"@id\":\"https:\/\/goldencity.com.pl\/?page_id=33\",\"url\":\"https:\/\/goldencity.com.pl\/?page_id=33\",\"name\":\"Rybnik, 1 Maja 44\/5 - 1 syp., 1 \u0142az - Golden City - zmieniamy rynek wynajmu na lepsze!\",\"isPartOf\":{\"@id\":\"https:\/\/goldencity.com.pl\/#website\"},\"datePublished\":\"2022-04-25T09:33:16+00:00\",\"dateModified\":\"2022-06-24T14:02:42+00:00\",\"description\":\"W trakcie generalnego remontu. Przewidywany czas oddania do uzytku Lato 20222022\",\"breadcrumb\":{\"@id\":\"https:\/\/goldencity.com.pl\/?page_id=33#breadcrumb\"},\"inLanguage\":\"pl-PL\",\"potentialAction\":[{\"@type\":\"ReadAction\",\"target\":[\"https:\/\/goldencity.com.pl\/?page_id=33\"]}]},{\"@type\":\"BreadcrumbList\",\"@id\":\"https:\/\/goldencity.com.pl\/?page_id=33#breadcrumb\",\"itemListElement\":[{\"@type\":\"ListItem\",\"position\":1,\"name\":\"Home\",\"item\":\"https:\/\/goldencity.com.pl\/\"},{\"@type\":\"ListItem\",\"position\":2,\"name\":\"Aktualne oferty\",\"item\":\"https:\/\/goldencity.com.pl\/?page_id=2\"},{\"@type\":\"ListItem\",\"position\":3,\"name\":\"Rybnik, 1 Maja 44\/5 &#8211; 1 syp., 1 \u0142az\"}]},{\"@type\":\"WebSite\",\"@id\":\"https:\/\/goldencity.com.pl\/#website\",\"url\":\"https:\/\/goldencity.com.pl\/\",\"name\":\"Golden City - zmieniamy rynek wynajmu na lepsze!\",\"description\":\"\",\"publisher\":{\"@id\":\"https:\/\/goldencity.com.pl\/#organization\"},\"potentialAction\":[{\"@type\":\"SearchAction\",\"target\":{\"@type\":\"EntryPoint\",\"urlTemplate\":\"https:\/\/goldencity.com.pl\/?s={search_term_string}\"},\"query-input\":\"required name=search_term_string\"}],\"inLanguage\":\"pl-PL\"},{\"@type\":\"Organization\",\"@id\":\"https:\/\/goldencity.com.pl\/#organization\",\"name\":\"Golden City - zmieniamy rynek wynajmu na lepsze!\",\"url\":\"https:\/\/goldencity.com.pl\/\",\"sameAs\":[],\"logo\":{\"@type\":\"ImageObject\",\"inLanguage\":\"pl-PL\",\"@id\":\"https:\/\/goldencity.com.pl\/#\/schema\/logo\/image\/\",\"url\":\"https:\/\/goldencity.com.pl\/wp-content\/uploads\/2022\/04\/Golden-City-Logo_wht.png\",\"contentUrl\":\"https:\/\/goldencity.com.pl\/wp-content\/uploads\/2022\/04\/Golden-City-Logo_wht.png\",\"width\":1200,\"height\":1200,\"caption\":\"Golden City - zmieniamy rynek wynajmu na lepsze!\"},\"image\":{\"@id\":\"https:\/\/goldencity.com.pl\/#\/schema\/logo\/image\/\"}}]}<\/script>\n<!-- \/ Yoast SEO plugin. -->","yoast_head_json":{"title":"Rybnik, 1 Maja 44\/5 - 1 syp., 1 \u0142az - Golden City - zmieniamy rynek wynajmu na lepsze!","description":"W trakcie generalnego remontu. Przewidywany czas oddania do uzytku Lato 20222022","robots":{"index":"index","follow":"follow","max-snippet":"max-snippet:-1","max-image-preview":"max-image-preview:large","max-video-preview":"max-video-preview:-1"},"canonical":"https:\/\/goldencity.com.pl\/?page_id=33","og_locale":"pl_PL","og_type":"article","og_title":"Rybnik, 1 Maja 44\/5 - 1 syp., 1 \u0142az - Golden City - zmieniamy rynek wynajmu na lepsze!","og_description":"W trakcie generalnego remontu. Przewidywany czas oddania do uzytku Lato 20222022","og_url":"https:\/\/goldencity.com.pl\/?page_id=33","og_site_name":"Golden City - zmieniamy rynek wynajmu na lepsze!","article_modified_time":"2022-06-24T14:02:42+00:00","og_image":[{"width":406,"height":405,"url":"https:\/\/goldencity.com.pl\/wp-content\/uploads\/2022\/04\/tools-logo.png","type":"image\/png"}],"twitter_card":"summary_large_image","twitter_misc":{"Szacowany czas czytania":"2 minuty"},"schema":{"@context":"https:\/\/schema.org","@graph":[{"@type":"WebPage","@id":"https:\/\/goldencity.com.pl\/?page_id=33","url":"https:\/\/goldencity.com.pl\/?page_id=33","name":"Rybnik, 1 Maja 44\/5 - 1 syp., 1 \u0142az - Golden City - zmieniamy rynek wynajmu na lepsze!","isPartOf":{"@id":"https:\/\/goldencity.com.pl\/#website"},"datePublished":"2022-04-25T09:33:16+00:00","dateModified":"2022-06-24T14:02:42+00:00","description":"W trakcie generalnego remontu. Przewidywany czas oddania do uzytku Lato 20222022","breadcrumb":{"@id":"https:\/\/goldencity.com.pl\/?page_id=33#breadcrumb"},"inLanguage":"pl-PL","potentialAction":[{"@type":"ReadAction","target":["https:\/\/goldencity.com.pl\/?page_id=33"]}]},{"@type":"BreadcrumbList","@id":"https:\/\/goldencity.com.pl\/?page_id=33#breadcrumb","itemListElement":[{"@type":"ListItem","position":1,"name":"Home","item":"https:\/\/goldencity.com.pl\/"},{"@type":"ListItem","position":2,"name":"Aktualne oferty","item":"https:\/\/goldencity.com.pl\/?page_id=2"},{"@type":"ListItem","position":3,"name":"Rybnik, 1 Maja 44\/5 &#8211; 1 syp., 1 \u0142az"}]},{"@type":"WebSite","@id":"https:\/\/goldencity.com.pl\/#website","url":"https:\/\/goldencity.com.pl\/","name":"Golden City - zmieniamy rynek wynajmu na lepsze!","description":"","publisher":{"@id":"https:\/\/goldencity.com.pl\/#organization"},"potentialAction":[{"@type":"SearchAction","target":{"@type":"EntryPoint","urlTemplate":"https:\/\/goldencity.com.pl\/?s={search_term_string}"},"query-input":"required name=search_term_string"}],"inLanguage":"pl-PL"},{"@type":"Organization","@id":"https:\/\/goldencity.com.pl\/#organization","name":"Golden City - zmieniamy rynek wynajmu na lepsze!","url":"https:\/\/goldencity.com.pl\/","sameAs":[],"logo":{"@type":"ImageObject","inLanguage":"pl-PL","@id":"https:\/\/goldencity.com.pl\/#\/schema\/logo\/image\/","url":"https:\/\/goldencity.com.pl\/wp-content\/uploads\/2022\/04\/Golden-City-Logo_wht.png","contentUrl":"https:\/\/goldencity.com.pl\/wp-content\/uploads\/2022\/04\/Golden-City-Logo_wht.png","width":1200,"height":1200,"caption":"Golden City - zmieniamy rynek wynajmu na lepsze!"},"image":{"@id":"https:\/\/goldencity.com.pl\/#\/schema\/logo\/image\/"}}]}},"_links":{"self":[{"href":"https:\/\/goldencity.com.pl\/index.php?rest_route=\/wp\/v2\/pages\/33","targetHints":{"allow":["GET"]}}],"collection":[{"href":"https:\/\/goldencity.com.pl\/index.php?rest_route=\/wp\/v2\/pages"}],"about":[{"href":"https:\/\/goldencity.com.pl\/index.php?rest_route=\/wp\/v2\/types\/page"}],"author":[{"embeddable":true,"href":"https:\/\/goldencity.com.pl\/index.php?rest_route=\/wp\/v2\/users\/1"}],"replies":[{"embeddable":true,"href":"https:\/\/goldencity.com.pl\/index.php?rest_route=%2Fwp%2Fv2%2Fcomments&post=33"}],"version-history":[{"count":4,"href":"https:\/\/goldencity.com.pl\/index.php?rest_route=\/wp\/v2\/pages\/33\/revisions"}],"predecessor-version":[{"id":84,"href":"https:\/\/goldencity.com.pl\/index.php?rest_route=\/wp\/v2\/pages\/33\/revisions\/84"}],"up":[{"embeddable":true,"href":"https:\/\/goldencity.com.pl\/index.php?rest_route=\/wp\/v2\/pages\/2"}],"wp:featuredmedia":[{"embeddable":true,"href":"https:\/\/goldencity.com.pl\/index.php?rest_route=\/wp\/v2\/media\/35"}],"wp:attachment":[{"href":"https:\/\/goldencity.com.pl\/index.php?rest_route=%2Fwp%2Fv2%2Fmedia&parent=33"}],"curies":[{"name":"wp","href":"https:\/\/api.w.org\/{rel}","templated":true}]}}