{"id":91,"date":"2022-09-02T13:31:41","date_gmt":"2022-09-02T11:31:41","guid":{"rendered":"https:\/\/goldencity.com.pl\/?page_id=91"},"modified":"2022-09-02T13:31:42","modified_gmt":"2022-09-02T11:31:42","slug":"rybnik-dabrowki-5a-51-1-syp-1-laz","status":"publish","type":"page","link":"https:\/\/goldencity.com.pl\/?page_id=91","title":{"rendered":"Rybnik, D\u0105br\u00f3wki 5a\/51 &#8211; 1 syp., 1 \u0142az"},"content":{"rendered":"\n<p>Do wynaj\u0119cia ca\u0142kowicie wyposa\u017cone mieszkanie w\u00a0Rybniku ul. D\u0105br\u00f3wki, o\u00a0powierzchni 29mkw (kawalerka przerobiona na dwa pokoje + aneks kuchenny i\u00a0\u0142azienka), usytuowane na dziesi\u0105tym pi\u0119trze, w\u00a0bloku z\u00a0wind\u0105.<br>W umeblowanej kuchni znajduje si\u0119 lod\u00f3wka, piec gazowy z\u00a0piekarnikiem elektrycznym, w\u00a0sypialni du\u017ca szafa z\u00a0przesuwnymi drzwiami, w\u00a0pokoju dziennym komplet typu kanapa + dwa fotele, dodatkowo stolik i\u00a0dwie komody.<\/p>\n\n\n\n<p>Mieszkanie jest wolne od zaraz. Przeznaczone dla 1 lub 2 os\u00f3b pracuj\u0105cych! Obowi\u0105zuje najem na minimum rok. Umowa najmu instytucjonalnego (koszt op\u0142aty notarialnej po stronie W\u0142a\u015bciciela).<\/p>\n\n\n\n<p>MIESI\u0118CZNY KOSZT NAJMU: odst\u0119pne 1300 z\u0142 + czynsz na rzecz Sp\u00f3\u0142dzielni Mieszkaniowej ok.400 z\u0142 + media (pr\u0105d, gaz, woda) wed\u0142ug zu\u017cycia.<\/p>\n\n\n\n<p>Kaucja &#8211; 2600 z\u0142.<\/p>\n\n\n\n<figure class=\"wp-block-gallery has-nested-images columns-default is-cropped wp-block-gallery-1 is-layout-flex wp-block-gallery-is-layout-flex\">\n<figure class=\"wp-block-image size-large is-style-default\"><img loading=\"lazy\" decoding=\"async\" width=\"769\" height=\"1024\" data-id=\"94\" src=\"https:\/\/goldencity.com.pl\/wp-content\/uploads\/2022\/09\/3-769x1024.png\" alt=\"\" class=\"wp-image-94\" srcset=\"https:\/\/goldencity.com.pl\/wp-content\/uploads\/2022\/09\/3-769x1024.png 769w, https:\/\/goldencity.com.pl\/wp-content\/uploads\/2022\/09\/3-225x300.png 225w, https:\/\/goldencity.com.pl\/wp-content\/uploads\/2022\/09\/3-768x1022.png 768w, https:\/\/goldencity.com.pl\/wp-content\/uploads\/2022\/09\/3.png 843w\" sizes=\"auto, (max-width: 769px) 100vw, 769px\" \/><\/figure>\n\n\n\n<figure class=\"wp-block-image size-large is-style-default\"><img loading=\"lazy\" decoding=\"async\" width=\"842\" height=\"1127\" data-id=\"93\" src=\"https:\/\/goldencity.com.pl\/wp-content\/uploads\/2022\/09\/4-765x1024.png\" alt=\"\" class=\"wp-image-93\" srcset=\"https:\/\/goldencity.com.pl\/wp-content\/uploads\/2022\/09\/4-765x1024.png 765w, https:\/\/goldencity.com.pl\/wp-content\/uploads\/2022\/09\/4-224x300.png 224w, https:\/\/goldencity.com.pl\/wp-content\/uploads\/2022\/09\/4-768x1028.png 768w, https:\/\/goldencity.com.pl\/wp-content\/uploads\/2022\/09\/4.png 842w\" sizes=\"auto, (max-width: 842px) 100vw, 842px\" \/><\/figure>\n\n\n\n<figure class=\"wp-block-image size-large is-style-default\"><img loading=\"lazy\" decoding=\"async\" width=\"774\" height=\"1024\" data-id=\"92\" src=\"https:\/\/goldencity.com.pl\/wp-content\/uploads\/2022\/09\/2-774x1024.png\" alt=\"\" class=\"wp-image-92\" srcset=\"https:\/\/goldencity.com.pl\/wp-content\/uploads\/2022\/09\/2-774x1024.png 774w, https:\/\/goldencity.com.pl\/wp-content\/uploads\/2022\/09\/2-227x300.png 227w, https:\/\/goldencity.com.pl\/wp-content\/uploads\/2022\/09\/2-768x1016.png 768w, https:\/\/goldencity.com.pl\/wp-content\/uploads\/2022\/09\/2.png 850w\" sizes=\"auto, (max-width: 774px) 100vw, 774px\" \/><\/figure>\n\n\n\n<figure class=\"wp-block-image size-large is-style-default\"><img loading=\"lazy\" decoding=\"async\" width=\"1024\" height=\"767\" data-id=\"95\" src=\"https:\/\/goldencity.com.pl\/wp-content\/uploads\/2022\/09\/1-1024x767.png\" alt=\"\" class=\"wp-image-95\" srcset=\"https:\/\/goldencity.com.pl\/wp-content\/uploads\/2022\/09\/1-1024x767.png 1024w, https:\/\/goldencity.com.pl\/wp-content\/uploads\/2022\/09\/1-300x225.png 300w, https:\/\/goldencity.com.pl\/wp-content\/uploads\/2022\/09\/1-768x575.png 768w, https:\/\/goldencity.com.pl\/wp-content\/uploads\/2022\/09\/1.png 1496w\" sizes=\"auto, (max-width: 1024px) 100vw, 1024px\" \/><\/figure>\n<\/figure>\n","protected":false},"excerpt":{"rendered":"<p>Do wynaj\u0119cia ca\u0142kowicie wyposa\u017cone mieszkanie w\u00a0Rybniku ul. D\u0105br\u00f3wki, o\u00a0powierzchni 29mkw (kawalerka przerobiona na dwa pokoje + aneks kuchenny i\u00a0\u0142azienka), usytuowane na dziesi\u0105tym pi\u0119trze, w\u00a0bloku z\u00a0wind\u0105.W umeblowanej kuchni znajduje si\u0119 lod\u00f3wka, piec gazowy z\u00a0piekarnikiem elektrycznym, w\u00a0sypialni du\u017ca szafa z\u00a0przesuwnymi drzwiami, w\u00a0pokoju dziennym komplet typu kanapa + dwa fotele, dodatkowo stolik i\u00a0dwie komody. Mieszkanie jest wolne od [&hellip;]<\/p>\n","protected":false},"author":1,"featured_media":0,"parent":2,"menu_order":0,"comment_status":"closed","ping_status":"closed","template":"","meta":{"footnotes":""},"class_list":["post-91","page","type-page","status-publish","hentry"],"yoast_head":"<!-- This site is optimized with the Yoast SEO plugin v19.6.1 - https:\/\/yoast.com\/wordpress\/plugins\/seo\/ -->\n<title>Rybnik, D\u0105br\u00f3wki 5a\/51 - 1 syp., 1 \u0142az - Golden City - zmieniamy rynek wynajmu na lepsze!<\/title>\n<meta name=\"robots\" content=\"index, follow, max-snippet:-1, max-image-preview:large, max-video-preview:-1\" \/>\n<link rel=\"canonical\" href=\"https:\/\/goldencity.com.pl\/?page_id=91\" \/>\n<meta property=\"og:locale\" content=\"pl_PL\" \/>\n<meta property=\"og:type\" content=\"article\" \/>\n<meta property=\"og:title\" content=\"Rybnik, D\u0105br\u00f3wki 5a\/51 - 1 syp., 1 \u0142az - Golden City - zmieniamy rynek wynajmu na lepsze!\" \/>\n<meta property=\"og:description\" content=\"Do wynaj\u0119cia ca\u0142kowicie wyposa\u017cone mieszkanie w\u00a0Rybniku ul. D\u0105br\u00f3wki, o\u00a0powierzchni 29mkw (kawalerka przerobiona na dwa pokoje + aneks kuchenny i\u00a0\u0142azienka), usytuowane na dziesi\u0105tym pi\u0119trze, w\u00a0bloku z\u00a0wind\u0105.W umeblowanej kuchni znajduje si\u0119 lod\u00f3wka, piec gazowy z\u00a0piekarnikiem elektrycznym, w\u00a0sypialni du\u017ca szafa z\u00a0przesuwnymi drzwiami, w\u00a0pokoju dziennym komplet typu kanapa + dwa fotele, dodatkowo stolik i\u00a0dwie komody. Mieszkanie jest wolne od [&hellip;]\" \/>\n<meta property=\"og:url\" content=\"https:\/\/goldencity.com.pl\/?page_id=91\" \/>\n<meta property=\"og:site_name\" content=\"Golden City - zmieniamy rynek wynajmu na lepsze!\" \/>\n<meta property=\"article:modified_time\" content=\"2022-09-02T11:31:42+00:00\" \/>\n<meta property=\"og:image\" content=\"https:\/\/goldencity.com.pl\/wp-content\/uploads\/2022\/09\/3-769x1024.png\" \/>\n<meta name=\"twitter:card\" content=\"summary_large_image\" \/>\n<meta name=\"twitter:label1\" content=\"Szacowany czas czytania\" \/>\n\t<meta name=\"twitter:data1\" content=\"2 minuty\" \/>\n<script type=\"application\/ld+json\" class=\"yoast-schema-graph\">{\"@context\":\"https:\/\/schema.org\",\"@graph\":[{\"@type\":\"WebPage\",\"@id\":\"https:\/\/goldencity.com.pl\/?page_id=91\",\"url\":\"https:\/\/goldencity.com.pl\/?page_id=91\",\"name\":\"Rybnik, D\u0105br\u00f3wki 5a\/51 - 1 syp., 1 \u0142az - Golden City - zmieniamy rynek wynajmu na lepsze!\",\"isPartOf\":{\"@id\":\"https:\/\/goldencity.com.pl\/#website\"},\"datePublished\":\"2022-09-02T11:31:41+00:00\",\"dateModified\":\"2022-09-02T11:31:42+00:00\",\"breadcrumb\":{\"@id\":\"https:\/\/goldencity.com.pl\/?page_id=91#breadcrumb\"},\"inLanguage\":\"pl-PL\",\"potentialAction\":[{\"@type\":\"ReadAction\",\"target\":[\"https:\/\/goldencity.com.pl\/?page_id=91\"]}]},{\"@type\":\"BreadcrumbList\",\"@id\":\"https:\/\/goldencity.com.pl\/?page_id=91#breadcrumb\",\"itemListElement\":[{\"@type\":\"ListItem\",\"position\":1,\"name\":\"Home\",\"item\":\"https:\/\/goldencity.com.pl\/\"},{\"@type\":\"ListItem\",\"position\":2,\"name\":\"Aktualne oferty\",\"item\":\"https:\/\/goldencity.com.pl\/?page_id=2\"},{\"@type\":\"ListItem\",\"position\":3,\"name\":\"Rybnik, D\u0105br\u00f3wki 5a\/51 &#8211; 1 syp., 1 \u0142az\"}]},{\"@type\":\"WebSite\",\"@id\":\"https:\/\/goldencity.com.pl\/#website\",\"url\":\"https:\/\/goldencity.com.pl\/\",\"name\":\"Golden City - zmieniamy rynek wynajmu na lepsze!\",\"description\":\"\",\"publisher\":{\"@id\":\"https:\/\/goldencity.com.pl\/#organization\"},\"potentialAction\":[{\"@type\":\"SearchAction\",\"target\":{\"@type\":\"EntryPoint\",\"urlTemplate\":\"https:\/\/goldencity.com.pl\/?s={search_term_string}\"},\"query-input\":\"required name=search_term_string\"}],\"inLanguage\":\"pl-PL\"},{\"@type\":\"Organization\",\"@id\":\"https:\/\/goldencity.com.pl\/#organization\",\"name\":\"Golden City - zmieniamy rynek wynajmu na lepsze!\",\"url\":\"https:\/\/goldencity.com.pl\/\",\"sameAs\":[],\"logo\":{\"@type\":\"ImageObject\",\"inLanguage\":\"pl-PL\",\"@id\":\"https:\/\/goldencity.com.pl\/#\/schema\/logo\/image\/\",\"url\":\"https:\/\/goldencity.com.pl\/wp-content\/uploads\/2022\/04\/Golden-City-Logo_wht.png\",\"contentUrl\":\"https:\/\/goldencity.com.pl\/wp-content\/uploads\/2022\/04\/Golden-City-Logo_wht.png\",\"width\":1200,\"height\":1200,\"caption\":\"Golden City - zmieniamy rynek wynajmu na lepsze!\"},\"image\":{\"@id\":\"https:\/\/goldencity.com.pl\/#\/schema\/logo\/image\/\"}}]}<\/script>\n<!-- \/ Yoast SEO plugin. -->","yoast_head_json":{"title":"Rybnik, D\u0105br\u00f3wki 5a\/51 - 1 syp., 1 \u0142az - Golden City - zmieniamy rynek wynajmu na lepsze!","robots":{"index":"index","follow":"follow","max-snippet":"max-snippet:-1","max-image-preview":"max-image-preview:large","max-video-preview":"max-video-preview:-1"},"canonical":"https:\/\/goldencity.com.pl\/?page_id=91","og_locale":"pl_PL","og_type":"article","og_title":"Rybnik, D\u0105br\u00f3wki 5a\/51 - 1 syp., 1 \u0142az - Golden City - zmieniamy rynek wynajmu na lepsze!","og_description":"Do wynaj\u0119cia ca\u0142kowicie wyposa\u017cone mieszkanie w\u00a0Rybniku ul. D\u0105br\u00f3wki, o\u00a0powierzchni 29mkw (kawalerka przerobiona na dwa pokoje + aneks kuchenny i\u00a0\u0142azienka), usytuowane na dziesi\u0105tym pi\u0119trze, w\u00a0bloku z\u00a0wind\u0105.W umeblowanej kuchni znajduje si\u0119 lod\u00f3wka, piec gazowy z\u00a0piekarnikiem elektrycznym, w\u00a0sypialni du\u017ca szafa z\u00a0przesuwnymi drzwiami, w\u00a0pokoju dziennym komplet typu kanapa + dwa fotele, dodatkowo stolik i\u00a0dwie komody. Mieszkanie jest wolne od [&hellip;]","og_url":"https:\/\/goldencity.com.pl\/?page_id=91","og_site_name":"Golden City - zmieniamy rynek wynajmu na lepsze!","article_modified_time":"2022-09-02T11:31:42+00:00","og_image":[{"url":"https:\/\/goldencity.com.pl\/wp-content\/uploads\/2022\/09\/3-769x1024.png"}],"twitter_card":"summary_large_image","twitter_misc":{"Szacowany czas czytania":"2 minuty"},"schema":{"@context":"https:\/\/schema.org","@graph":[{"@type":"WebPage","@id":"https:\/\/goldencity.com.pl\/?page_id=91","url":"https:\/\/goldencity.com.pl\/?page_id=91","name":"Rybnik, D\u0105br\u00f3wki 5a\/51 - 1 syp., 1 \u0142az - Golden City - zmieniamy rynek wynajmu na lepsze!","isPartOf":{"@id":"https:\/\/goldencity.com.pl\/#website"},"datePublished":"2022-09-02T11:31:41+00:00","dateModified":"2022-09-02T11:31:42+00:00","breadcrumb":{"@id":"https:\/\/goldencity.com.pl\/?page_id=91#breadcrumb"},"inLanguage":"pl-PL","potentialAction":[{"@type":"ReadAction","target":["https:\/\/goldencity.com.pl\/?page_id=91"]}]},{"@type":"BreadcrumbList","@id":"https:\/\/goldencity.com.pl\/?page_id=91#breadcrumb","itemListElement":[{"@type":"ListItem","position":1,"name":"Home","item":"https:\/\/goldencity.com.pl\/"},{"@type":"ListItem","position":2,"name":"Aktualne oferty","item":"https:\/\/goldencity.com.pl\/?page_id=2"},{"@type":"ListItem","position":3,"name":"Rybnik, D\u0105br\u00f3wki 5a\/51 &#8211; 1 syp., 1 \u0142az"}]},{"@type":"WebSite","@id":"https:\/\/goldencity.com.pl\/#website","url":"https:\/\/goldencity.com.pl\/","name":"Golden City - zmieniamy rynek wynajmu na lepsze!","description":"","publisher":{"@id":"https:\/\/goldencity.com.pl\/#organization"},"potentialAction":[{"@type":"SearchAction","target":{"@type":"EntryPoint","urlTemplate":"https:\/\/goldencity.com.pl\/?s={search_term_string}"},"query-input":"required name=search_term_string"}],"inLanguage":"pl-PL"},{"@type":"Organization","@id":"https:\/\/goldencity.com.pl\/#organization","name":"Golden City - zmieniamy rynek wynajmu na lepsze!","url":"https:\/\/goldencity.com.pl\/","sameAs":[],"logo":{"@type":"ImageObject","inLanguage":"pl-PL","@id":"https:\/\/goldencity.com.pl\/#\/schema\/logo\/image\/","url":"https:\/\/goldencity.com.pl\/wp-content\/uploads\/2022\/04\/Golden-City-Logo_wht.png","contentUrl":"https:\/\/goldencity.com.pl\/wp-content\/uploads\/2022\/04\/Golden-City-Logo_wht.png","width":1200,"height":1200,"caption":"Golden City - zmieniamy rynek wynajmu na lepsze!"},"image":{"@id":"https:\/\/goldencity.com.pl\/#\/schema\/logo\/image\/"}}]}},"_links":{"self":[{"href":"https:\/\/goldencity.com.pl\/index.php?rest_route=\/wp\/v2\/pages\/91","targetHints":{"allow":["GET"]}}],"collection":[{"href":"https:\/\/goldencity.com.pl\/index.php?rest_route=\/wp\/v2\/pages"}],"about":[{"href":"https:\/\/goldencity.com.pl\/index.php?rest_route=\/wp\/v2\/types\/page"}],"author":[{"embeddable":true,"href":"https:\/\/goldencity.com.pl\/index.php?rest_route=\/wp\/v2\/users\/1"}],"replies":[{"embeddable":true,"href":"https:\/\/goldencity.com.pl\/index.php?rest_route=%2Fwp%2Fv2%2Fcomments&post=91"}],"version-history":[{"count":1,"href":"https:\/\/goldencity.com.pl\/index.php?rest_route=\/wp\/v2\/pages\/91\/revisions"}],"predecessor-version":[{"id":96,"href":"https:\/\/goldencity.com.pl\/index.php?rest_route=\/wp\/v2\/pages\/91\/revisions\/96"}],"up":[{"embeddable":true,"href":"https:\/\/goldencity.com.pl\/index.php?rest_route=\/wp\/v2\/pages\/2"}],"wp:attachment":[{"href":"https:\/\/goldencity.com.pl\/index.php?rest_route=%2Fwp%2Fv2%2Fmedia&parent=91"}],"curies":[{"name":"wp","href":"https:\/\/api.w.org\/{rel}","templated":true}]}}